{"id":1855,"date":"2021-11-05T09:12:53","date_gmt":"2021-11-05T08:12:53","guid":{"rendered":"https:\/\/cplegalconsulting.com\/?page_id=1855"},"modified":"2026-04-01T08:50:38","modified_gmt":"2026-04-01T06:50:38","slug":"politica-privacidad","status":"publish","type":"page","link":"https:\/\/cplegalconsulting.com\/es\/politica-privacidad\/","title":{"rendered":"Pol\u00edtica de Privacidad"},"content":{"rendered":"\t\t<div data-elementor-type=\"wp-page\" data-elementor-id=\"1855\" class=\"elementor elementor-1855\" data-elementor-post-type=\"page\">\n\t\t\t\t\t\t<section class=\"elementor-section elementor-top-section elementor-element elementor-element-4b9ea7a elementor-section-boxed elementor-section-height-default elementor-section-height-default\" data-id=\"4b9ea7a\" data-element_type=\"section\" data-e-type=\"section\">\n\t\t\t\t\t\t<div class=\"elementor-container elementor-column-gap-default\">\n\t\t\t\t\t<div class=\"elementor-column elementor-col-100 elementor-top-column elementor-element elementor-element-5d4e850\" data-id=\"5d4e850\" data-element_type=\"column\" data-e-type=\"column\">\n\t\t\t<div class=\"elementor-widget-wrap elementor-element-populated\">\n\t\t\t\t\t\t<div class=\"elementor-element elementor-element-2c2f8e7 elementor-widget elementor-widget-heading\" data-id=\"2c2f8e7\" data-element_type=\"widget\" data-e-type=\"widget\" data-widget_type=\"heading.default\">\n\t\t\t\t<div class=\"elementor-widget-container\">\n\t\t\t\t\t<h2 class=\"elementor-heading-title elementor-size-default\">Pol\u00edtica de Privacidad<\/h2>\t\t\t\t<\/div>\n\t\t\t\t<\/div>\n\t\t\t\t\t<\/div>\n\t\t<\/div>\n\t\t\t\t\t<\/div>\n\t\t<\/section>\n\t\t\t\t<section class=\"elementor-section elementor-top-section elementor-element elementor-element-b569e38 elementor-section-boxed elementor-section-height-default elementor-section-height-default\" data-id=\"b569e38\" data-element_type=\"section\" data-e-type=\"section\">\n\t\t\t\t\t\t<div class=\"elementor-container elementor-column-gap-default\">\n\t\t\t\t\t<div class=\"elementor-column elementor-col-100 elementor-top-column elementor-element elementor-element-9d15f60\" data-id=\"9d15f60\" data-element_type=\"column\" data-e-type=\"column\">\n\t\t\t<div class=\"elementor-widget-wrap elementor-element-populated\">\n\t\t\t\t\t\t<div class=\"elementor-element elementor-element-ccec05d elementor-widget elementor-widget-spacer\" data-id=\"ccec05d\" data-element_type=\"widget\" data-e-type=\"widget\" data-widget_type=\"spacer.default\">\n\t\t\t\t<div class=\"elementor-widget-container\">\n\t\t\t\t\t\t\t<div class=\"elementor-spacer\">\n\t\t\t<div class=\"elementor-spacer-inner\"><\/div>\n\t\t<\/div>\n\t\t\t\t\t\t<\/div>\n\t\t\t\t<\/div>\n\t\t\t\t<div class=\"elementor-element elementor-element-25b8de1 elementor-widget elementor-widget-text-editor\" data-id=\"25b8de1\" data-element_type=\"widget\" data-e-type=\"widget\" data-widget_type=\"text-editor.default\">\n\t\t\t\t<div class=\"elementor-widget-container\">\n\t\t\t\t\t\t\t\t\t<p dir=\"ltr\" style=\"line-height: 1.3800000000000001; text-align: justify; margin-top: 12pt; margin-bottom: 8pt;\"><span style=\"font-size: 11pt; font-family: Avenir,sans-serif; color: #5e2137; background-color: transparent; font-weight: bold; font-style: normal; font-variant: normal; text-decoration: none; vertical-align: baseline; white-space: pre-wrap;\">POL\u00cdTICA DE PRIVACIDAD DE USUARIOS WEB \u2013 FORMULARIO DE CONTACTO <\/span><\/p><div dir=\"ltr\" style=\"margin-left: 0pt;\" align=\"center\"><table style=\"border: none; border-collapse: collapse;\"><colgroup> <col width=\"142\" \/> <col width=\"425\" \/><\/colgroup><tbody><tr style=\"height: 27.4pt;\"><td style=\"border-right: solid #000000 0.5pt; border-bottom: solid #000000 0.5pt; vertical-align: top; background-color: #ffffff; padding: 0pt 5.4pt 0pt 5.4pt; overflow: hidden; overflow-wrap: break-word;\">\u00a0<\/td><td style=\"border-left: solid #000000 0.5pt; border-bottom: solid #000000 0.5pt; vertical-align: middle; background-color: #5e2137; padding: 0pt 5.4pt 0pt 5.4pt; overflow: hidden; overflow-wrap: break-word;\"><p dir=\"ltr\" style=\"line-height: 1.2; text-align: center; margin-top: 0pt; margin-bottom: 0pt;\"><span style=\"font-size: 11pt; font-family: Avenir,sans-serif; color: #ffffff; background-color: transparent; font-weight: 400; font-style: normal; font-variant: normal; text-decoration: none; vertical-align: baseline; white-space: pre-wrap;\">POL\u00cdTICA DE PRIVACIDAD DE USUARIOS<\/span><\/p><\/td><\/tr><tr style=\"height: 19.85pt;\"><td style=\"border-right: solid #000000 0.5pt; border-bottom: solid #000000 0.5pt; border-top: solid #000000 0.5pt; vertical-align: middle; background-color: #e7e6e6; padding: 0pt 5.4pt 0pt 5.4pt; overflow: hidden; overflow-wrap: break-word;\"><p dir=\"ltr\" style=\"line-height: 1.2; text-align: center; margin-top: 0pt; margin-bottom: 0pt;\"><span style=\"font-size: 10pt; font-family: Avenir,sans-serif; color: #000000; background-color: transparent; font-weight: 400; font-style: normal; font-variant: normal; text-decoration: none; vertical-align: baseline; white-space: pre-wrap;\">RESPONSABLE\u00a0<\/span><\/p><\/td><td style=\"border-left: solid #000000 0.5pt; border-bottom: solid #000000 0.5pt; border-top: solid #000000 0.5pt; vertical-align: middle; background-color: #e7e6e6; padding: 0pt 5.4pt 0pt 5.4pt; overflow: hidden; overflow-wrap: break-word;\"><p dir=\"ltr\" style=\"line-height: 1.2; margin-top: 0pt; margin-bottom: 0pt;\"><span style=\"font-size: 10pt; font-family: Avenir,sans-serif; color: #000000; background-color: transparent; font-weight: 400; font-style: normal; font-variant: normal; text-decoration: none; vertical-align: baseline; white-space: pre-wrap;\">CP COMPLIANCE I PRIVACITAT LEGAL, S.L. <\/span><span style=\"font-size: 10pt; font-family: Avenir,sans-serif; color: #2f5496; background-color: transparent; font-weight: 400; font-style: normal; font-variant: normal; text-decoration: underline; -webkit-text-decoration-skip: none; text-decoration-skip-ink: none; vertical-align: baseline; white-space: pre-wrap;\">M\u00e1s informaci\u00f3n<\/span><\/p><\/td><\/tr><tr style=\"height: 19.85pt;\"><td style=\"border-right: solid #000000 0.5pt; border-bottom: solid #000000 0.5pt; border-top: solid #000000 0.5pt; vertical-align: middle; padding: 0pt 5.4pt 0pt 5.4pt; overflow: hidden; overflow-wrap: break-word;\"><p dir=\"ltr\" style=\"line-height: 1.2; text-align: center; margin-top: 0pt; margin-bottom: 0pt;\"><span style=\"font-size: 10pt; font-family: Avenir,sans-serif; color: #000000; background-color: transparent; font-weight: 400; font-style: normal; font-variant: normal; text-decoration: none; vertical-align: baseline; white-space: pre-wrap;\">FINALIDAD<\/span><\/p><\/td><td style=\"border-left: solid #000000 0.5pt; border-bottom: solid #000000 0.5pt; border-top: solid #000000 0.5pt; vertical-align: middle; padding: 0pt 5.4pt 0pt 5.4pt; overflow: hidden; overflow-wrap: break-word;\"><p dir=\"ltr\" style=\"line-height: 1.2; margin-top: 0pt; margin-bottom: 0pt;\"><span style=\"font-size: 10pt; font-family: Avenir,sans-serif; color: #000000; background-color: transparent; font-weight: 400; font-style: normal; font-variant: normal; text-decoration: none; vertical-align: baseline; white-space: pre-wrap;\">Gestionar las consultas de los USUARIOS WEB. <\/span><span style=\"font-size: 10pt; font-family: Avenir,sans-serif; color: #2f5496; background-color: transparent; font-weight: 400; font-style: normal; font-variant: normal; text-decoration: underline; -webkit-text-decoration-skip: none; text-decoration-skip-ink: none; vertical-align: baseline; white-space: pre-wrap;\">M\u00e1s informaci\u00f3n<\/span><\/p><\/td><\/tr><tr style=\"height: 19.85pt;\"><td style=\"border-right: solid #000000 0.5pt; border-bottom: solid #000000 0.5pt; border-top: solid #000000 0.5pt; vertical-align: middle; background-color: #e7e6e6; padding: 0pt 5.4pt 0pt 5.4pt; overflow: hidden; overflow-wrap: break-word;\"><p dir=\"ltr\" style=\"line-height: 1.2; text-align: center; margin-top: 0pt; margin-bottom: 0pt;\"><span style=\"font-size: 10pt; font-family: Avenir,sans-serif; color: #000000; background-color: transparent; font-weight: 400; font-style: normal; font-variant: normal; text-decoration: none; vertical-align: baseline; white-space: pre-wrap;\">BASE JUR\u00cdDICA<\/span><\/p><\/td><td style=\"border-left: solid #000000 0.5pt; border-bottom: solid #000000 0.5pt; border-top: solid #000000 0.5pt; vertical-align: middle; background-color: #e7e6e6; padding: 0pt 5.4pt 0pt 5.4pt; overflow: hidden; overflow-wrap: break-word;\"><p dir=\"ltr\" style=\"line-height: 1.2; margin-top: 0pt; margin-bottom: 0pt;\"><span style=\"font-size: 10pt; font-family: Avenir,sans-serif; color: #000000; background-color: transparent; font-weight: 400; font-style: normal; font-variant: normal; text-decoration: none; vertical-align: baseline; white-space: pre-wrap;\">El consentimiento del USUARIO. <\/span><span style=\"font-size: 10pt; font-family: Avenir,sans-serif; color: #2f5496; background-color: transparent; font-weight: 400; font-style: normal; font-variant: normal; text-decoration: underline; -webkit-text-decoration-skip: none; text-decoration-skip-ink: none; vertical-align: baseline; white-space: pre-wrap;\">M\u00e1s informaci\u00f3n<\/span><\/p><\/td><\/tr><tr style=\"height: 19.85pt;\"><td style=\"border-right: solid #000000 0.5pt; border-bottom: solid #000000 0.5pt; border-top: solid #000000 0.5pt; vertical-align: middle; padding: 0pt 5.4pt 0pt 5.4pt; overflow: hidden; overflow-wrap: break-word;\"><p dir=\"ltr\" style=\"line-height: 1.2; text-align: center; margin-top: 0pt; margin-bottom: 0pt;\"><span style=\"font-size: 10pt; font-family: Avenir,sans-serif; color: #000000; background-color: transparent; font-weight: 400; font-style: normal; font-variant: normal; text-decoration: none; vertical-align: baseline; white-space: pre-wrap;\">DESTINATARIOS<\/span><\/p><\/td><td style=\"border-left: solid #000000 0.5pt; border-bottom: solid #000000 0.5pt; border-top: solid #000000 0.5pt; vertical-align: middle; padding: 0pt 5.4pt 0pt 5.4pt; overflow: hidden; overflow-wrap: break-word;\"><p dir=\"ltr\" style=\"line-height: 1.2; margin-top: 0pt; margin-bottom: 0pt;\"><span style=\"font-size: 10pt; font-family: Avenir,sans-serif; color: #000000; background-color: transparent; font-weight: 400; font-style: normal; font-variant: normal; text-decoration: none; vertical-align: baseline; white-space: pre-wrap;\">Sus datos no ser\u00e1n cedidos. <\/span><span style=\"font-size: 10pt; font-family: Avenir,sans-serif; color: #2f5496; background-color: transparent; font-weight: 400; font-style: normal; font-variant: normal; text-decoration: underline; -webkit-text-decoration-skip: none; text-decoration-skip-ink: none; vertical-align: baseline; white-space: pre-wrap;\">M\u00e1s informaci\u00f3n<\/span><\/p><\/td><\/tr><tr style=\"height: 19.85pt;\"><td style=\"border-right: solid #000000 0.5pt; border-bottom: solid #000000 0.5pt; border-top: solid #000000 0.5pt; vertical-align: middle; background-color: #e7e6e6; padding: 0pt 5.4pt 0pt 5.4pt; overflow: hidden; overflow-wrap: break-word;\"><p dir=\"ltr\" style=\"line-height: 1.2; text-align: center; margin-top: 0pt; margin-bottom: 0pt;\"><span style=\"font-size: 10pt; font-family: Avenir,sans-serif; color: #000000; background-color: transparent; font-weight: 400; font-style: normal; font-variant: normal; text-decoration: none; vertical-align: baseline; white-space: pre-wrap;\">CONSERVACI\u00d3N<\/span><\/p><\/td><td style=\"border-left: solid #000000 0.5pt; border-bottom: solid #000000 0.5pt; border-top: solid #000000 0.5pt; vertical-align: middle; background-color: #e7e6e6; padding: 0pt 5.4pt 0pt 5.4pt; overflow: hidden; overflow-wrap: break-word;\"><p dir=\"ltr\" style=\"line-height: 1.2; margin-top: 0pt; margin-bottom: 0pt;\"><span style=\"font-size: 10pt; font-family: Avenir,sans-serif; color: #000000; background-color: transparent; font-weight: 400; font-style: normal; font-variant: normal; text-decoration: none; vertical-align: baseline; white-space: pre-wrap;\">Doce (12) meses. <\/span><span style=\"font-size: 10pt; font-family: Avenir,sans-serif; color: #2f5496; background-color: transparent; font-weight: 400; font-style: normal; font-variant: normal; text-decoration: underline; -webkit-text-decoration-skip: none; text-decoration-skip-ink: none; vertical-align: baseline; white-space: pre-wrap;\">M\u00e1s informaci\u00f3n<\/span><\/p><\/td><\/tr><tr style=\"height: 19.85pt;\"><td style=\"border-right: solid #000000 0.5pt; border-top: solid #000000 0.5pt; vertical-align: middle; padding: 0pt 5.4pt 0pt 5.4pt; overflow: hidden; overflow-wrap: break-word;\"><p style=\"text-align: center;\">DERECHOS DEL INTERESADO<\/p><\/td><td style=\"border-left: solid #000000 0.5pt; border-top: solid #000000 0.5pt; vertical-align: middle; padding: 0pt 5.4pt 0pt 5.4pt; overflow: hidden; overflow-wrap: break-word;\"><p dir=\"ltr\" style=\"line-height: 1.2; margin-top: 0pt; margin-bottom: 0pt;\"><span style=\"font-size: 10pt; font-family: Avenir,sans-serif; color: #000000; background-color: transparent; font-weight: 400; font-style: normal; font-variant: normal; text-decoration: none; vertical-align: baseline; white-space: pre-wrap;\">Acceder, rectificar y suprimir los datos personales, oponerse al tratamiento de los datos, solicitar la limitaci\u00f3n del tratamiento o la portabilidad de los datos. <\/span><span style=\"font-size: 10pt; font-family: Avenir,sans-serif; color: #2f5496; background-color: transparent; font-weight: 400; font-style: normal; font-variant: normal; text-decoration: underline; -webkit-text-decoration-skip: none; text-decoration-skip-ink: none; vertical-align: baseline; white-space: pre-wrap;\">M\u00e1s informaci\u00f3n<\/span><\/p><\/td><\/tr><\/tbody><\/table><\/div><p><b id=\"docs-internal-guid-46988a22-7fff-7749-e00b-81955886a96e\" style=\"font-weight: normal;\">\u00a0<\/b><\/p><p dir=\"ltr\" style=\"line-height: 1.3800000000000001; text-align: justify; margin-top: 12pt; margin-bottom: 8pt;\"><span style=\"font-size: 11pt; font-family: Avenir,sans-serif; color: #000000; background-color: transparent; font-weight: 400; font-style: normal; font-variant: normal; text-decoration: none; vertical-align: baseline; white-space: pre-wrap;\">De acuerdo con lo dispuesto en la Ley 29\/2021, de 28 de octubre, Protecci\u00f3n de Datos Personales Cualificada (PDPQ), y el Decreto 391\/2022, de 28 de septiembre de 2022, por el que se aprueba el reglamento de desarrollo de la Ley 29\/2021, de 28 de octubre, de protecci\u00f3n de datos personales cualificada, le informamos de que sus datos personales recogidos a trav\u00e9s del \u00abFormulario de contacto\u00bb ser\u00e1n tratados por el Responsable del tratamiento: <\/span><\/p><p dir=\"ltr\" style=\"line-height: 1.3800000000000001; text-indent: 18pt; text-align: justify; margin-top: 0pt; margin-bottom: 0pt;\"><span style=\"font-size: 11pt; font-family: Avenir,sans-serif; color: #000000; background-color: transparent; font-weight: 400; font-style: normal; font-variant: normal; text-decoration: none; vertical-align: baseline; white-space: pre-wrap;\">Responsable del tratamiento: CP COMPLIANCE I PRIVACITAT LEGAL, S.L.<\/span><\/p><ul style=\"margin-top: 0; margin-bottom: 0; padding-inline-start: 48px;\"><li dir=\"ltr\" style=\"list-style-type: disc; font-size: 11pt; font-family: Avenir,sans-serif; color: #000000; background-color: transparent; font-weight: 400; font-style: normal; font-variant: normal; text-decoration: none; vertical-align: baseline; white-space: pre;\" aria-level=\"1\"><p dir=\"ltr\" style=\"line-height: 1.3800000000000001; text-align: justify; margin-top: 0pt; margin-bottom: 0pt;\" role=\"presentation\"><span style=\"font-size: 11pt; font-family: Avenir,sans-serif; color: #000000; background-color: transparent; font-weight: 400; font-style: normal; font-variant: normal; text-decoration: none; vertical-align: baseline; white-space: pre-wrap;\">NRT: L-715747-R<\/span><\/p><\/li><li dir=\"ltr\" style=\"list-style-type: disc; font-size: 11pt; font-family: Avenir,sans-serif; color: #000000; background-color: transparent; font-weight: 400; font-style: normal; font-variant: normal; text-decoration: none; vertical-align: baseline; white-space: pre;\" aria-level=\"1\"><p dir=\"ltr\" style=\"line-height: 1.3800000000000001; text-align: justify; margin-top: 0pt; margin-bottom: 0pt;\" role=\"presentation\"><span style=\"font-size: 11pt; font-family: Avenir,sans-serif; color: #000000; background-color: transparent; font-weight: 400; font-style: normal; font-variant: normal; text-decoration: none; vertical-align: baseline; white-space: pre-wrap;\">C\u00f3digo postal: C\/ Doctor Vilanova, n\u00famero 9, edifici Tha\u00efs, 4t pis, porta C (AD500) Andorra la Vella, Principat d\u2019Andorra. <\/span><\/p><\/li><li dir=\"ltr\" style=\"list-style-type: disc; font-size: 11pt; font-family: Avenir,sans-serif; color: #000000; background-color: transparent; font-weight: 400; font-style: normal; font-variant: normal; text-decoration: none; vertical-align: baseline; white-space: pre;\" aria-level=\"1\"><p dir=\"ltr\" style=\"line-height: 1.3800000000000001; text-align: justify; margin-top: 0pt; margin-bottom: 0pt;\" role=\"presentation\"><span style=\"font-size: 11pt; font-family: Avenir,sans-serif; color: #000000; background-color: transparent; font-weight: 400; font-style: normal; font-variant: normal; text-decoration: none; vertical-align: baseline; white-space: pre-wrap;\">Tel\u00e9fono: (+376) 832 233 | (+376) 380 017<\/span><\/p><\/li><\/ul><ul style=\"margin-top: 0; margin-bottom: 0; padding-inline-start: 48px;\"><li dir=\"ltr\" style=\"list-style-type: disc; font-size: 11pt; font-family: Avenir,sans-serif; color: #000000; background-color: transparent; font-weight: 400; font-style: normal; font-variant: normal; text-decoration: none; vertical-align: baseline; white-space: pre;\" aria-level=\"1\"><p dir=\"ltr\" style=\"line-height: 1.3800000000000001; text-align: justify; margin-top: 0pt; margin-bottom: 0pt;\" role=\"presentation\"><span style=\"font-size: 11pt; font-family: Avenir,sans-serif; color: #000000; background-color: transparent; font-weight: 400; font-style: normal; font-variant: normal; text-decoration: none; vertical-align: baseline; white-space: pre-wrap;\">Correo electr\u00f3nico: dpo@cplegalconsulting.com<\/span><\/p><\/li><\/ul><p dir=\"ltr\" style=\"line-height: 1.3800000000000001; text-align: justify; margin-top: 12pt; margin-bottom: 8pt;\">Sus datos ser\u00e1n tratados con la finalidad de gestionar las solicitudes y\/o consultas que realice en nuestra p\u00e1gina web a trav\u00e9s del formulario de contacto. Podremos ponernos en contacto con usted por correo electr\u00f3nico o por tel\u00e9fono utilizando los datos que nos haya facilitado.<\/p><p dir=\"ltr\" style=\"line-height: 1.3800000000000001; text-align: justify; margin-top: 12pt; margin-bottom: 8pt;\">La base legal para el tratamiento de sus datos personales es su consentimiento, otorgado al aceptar esta pol\u00edtica de privacidad.<\/p><p dir=\"ltr\" style=\"line-height: 1.3800000000000001; text-align: justify; margin-top: 12pt; margin-bottom: 8pt;\">Asimismo, le informamos de que el tratamiento de sus datos no implica la toma de decisiones automatizada, ni la creaci\u00f3n de perfiles con fines predictivos sobre preferencias, comportamientos o actitudes personales.<\/p><p dir=\"ltr\" style=\"line-height: 1.3800000000000001; text-align: justify; margin-top: 12pt; margin-bottom: 8pt;\">Sus datos no ser\u00e1n cedidos a otros responsables del tratamiento, nacionales y\/o internacionales, salvo en los casos en que exista una obligaci\u00f3n legal de hacerlo. Los datos facilitados se conservar\u00e1n durante un periodo m\u00e1ximo de doce (12) meses.<\/p><p dir=\"ltr\" style=\"line-height: 1.3800000000000001; text-align: justify; margin-top: 12pt; margin-bottom: 8pt;\">Tiene derecho a no dar su consentimiento para el tratamiento de sus datos personales; sin embargo, en ese caso, las consecuencias de su negativa ser\u00e1n que no podremos responder a su consulta.<\/p><p dir=\"ltr\" style=\"line-height: 1.3800000000000001; text-align: justify; margin-top: 0pt; margin-bottom: 0pt;\">Aprovechamos la ocasi\u00f3n para informarle de que puede ejercer sus derechos de acceso, rectificaci\u00f3n, oposici\u00f3n, supresi\u00f3n, limitaci\u00f3n del tratamiento y portabilidad, as\u00ed como su derecho a no ser objeto de decisiones individuales automatizadas, dirigi\u00e9ndose al responsable del tratamiento a trav\u00e9s del correo electr\u00f3nico dpo@cplegalconsulting.com.<\/p><p dir=\"ltr\" style=\"line-height: 1.3800000000000001; text-align: justify; margin-top: 12pt; margin-bottom: 8pt;\">Asimismo, en caso de que no pueda ejercer sus derechos ante el Responsable del tratamiento, tiene derecho a presentar una reclamaci\u00f3n ante la Agencia de Protecci\u00f3n de Datos de Andorra (APDA).<\/p><p dir=\"ltr\" style=\"line-height: 1.3800000000000001; text-align: justify; margin-top: 12pt; margin-bottom: 8pt;\"><span style=\"font-size: 11pt; font-family: Avenir,sans-serif; color: #000000; background-color: transparent; font-weight: 400; font-style: normal; font-variant: normal; text-decoration: none; vertical-align: baseline; white-space: pre-wrap;\">\u00daltima actualizaci\u00f3n: 1 de abril de 2026.<\/span><\/p><div><span style=\"font-size: 11pt; font-family: Avenir,sans-serif; color: #000000; background-color: transparent; font-weight: 400; font-style: normal; font-variant: normal; text-decoration: none; vertical-align: baseline; white-space: pre-wrap;\">\u00a0<\/span><\/div>\t\t\t\t\t\t\t\t<\/div>\n\t\t\t\t<\/div>\n\t\t\t\t\t<\/div>\n\t\t<\/div>\n\t\t\t\t\t<\/div>\n\t\t<\/section>\n\t\t\t\t<\/div>\n\t\t","protected":false},"excerpt":{"rendered":"<p>Pol\u00edtica de Privacidad POL\u00cdTICA DE PRIVACIDAD DE USUARIOS WEB \u2013 FORMULARIO DE CONTACTO \u00a0 POL\u00cdTICA DE PRIVACIDAD DE USUARIOS RESPONSABLE\u00a0 CP COMPLIANCE I PRIVACITAT LEGAL, S.L. M\u00e1s informaci\u00f3n FINALIDAD Gestionar las consultas de los USUARIOS WEB. M\u00e1s informaci\u00f3n BASE JUR\u00cdDICA El consentimiento del USUARIO. M\u00e1s informaci\u00f3n DESTINATARIOS Sus datos no ser\u00e1n cedidos. M\u00e1s informaci\u00f3n CONSERVACI\u00d3N<a class=\"more-link\" href=\"https:\/\/cplegalconsulting.com\/es\/politica-privacidad\/\">Sigue leyendo <span class=\"screen-reader-text\">\u00abPol\u00edtica de Privacidad\u00bb<\/span><\/a><\/p>\n","protected":false},"author":179836838,"featured_media":0,"parent":0,"menu_order":0,"comment_status":"closed","ping_status":"closed","template":"","meta":{"_coblocks_attr":"","_coblocks_dimensions":"","_coblocks_responsive_height":"","_coblocks_accordion_ie_support":"","_crdt_document":"","advanced_seo_description":"","jetpack_seo_html_title":"","jetpack_seo_noindex":false,"footnotes":""},"class_list":["post-1855","page","type-page","status-publish","hentry","entry"],"jetpack_likes_enabled":false,"jetpack_sharing_enabled":true,"jetpack_shortlink":"https:\/\/wp.me\/PdlYDF-tV","amp_enabled":true,"_links":{"self":[{"href":"https:\/\/cplegalconsulting.com\/es\/wp-json\/wp\/v2\/pages\/1855","targetHints":{"allow":["GET"]}}],"collection":[{"href":"https:\/\/cplegalconsulting.com\/es\/wp-json\/wp\/v2\/pages"}],"about":[{"href":"https:\/\/cplegalconsulting.com\/es\/wp-json\/wp\/v2\/types\/page"}],"author":[{"embeddable":true,"href":"https:\/\/cplegalconsulting.com\/es\/wp-json\/wp\/v2\/users\/179836838"}],"replies":[{"embeddable":true,"href":"https:\/\/cplegalconsulting.com\/es\/wp-json\/wp\/v2\/comments?post=1855"}],"version-history":[{"count":25,"href":"https:\/\/cplegalconsulting.com\/es\/wp-json\/wp\/v2\/pages\/1855\/revisions"}],"predecessor-version":[{"id":7897,"href":"https:\/\/cplegalconsulting.com\/es\/wp-json\/wp\/v2\/pages\/1855\/revisions\/7897"}],"wp:attachment":[{"href":"https:\/\/cplegalconsulting.com\/es\/wp-json\/wp\/v2\/media?parent=1855"}],"curies":[{"name":"wp","href":"https:\/\/api.w.org\/{rel}","templated":true}]}}